{"id":16878,"date":"2023-12-17T15:47:52","date_gmt":"2023-12-17T14:47:52","guid":{"rendered":"https:\/\/formentechnik-bayreuth.de\/?page_id=16878"},"modified":"2024-09-19T07:42:24","modified_gmt":"2024-09-19T05:42:24","slug":"bewerbung","status":"publish","type":"page","link":"https:\/\/formentechnik-bayreuth.de\/en\/bewerbung\/","title":{"rendered":"Bewer\u00adbung"},"content":{"rendered":"<div data-elementor-type=\"wp-page\" data-elementor-id=\"16878\" class=\"elementor elementor-16878\" data-elementor-settings=\"{&quot;element_pack_global_tooltip_width&quot;:{&quot;unit&quot;:&quot;px&quot;,&quot;size&quot;:&quot;&quot;,&quot;sizes&quot;:[]},&quot;element_pack_global_tooltip_width_tablet&quot;:{&quot;unit&quot;:&quot;px&quot;,&quot;size&quot;:&quot;&quot;,&quot;sizes&quot;:[]},&quot;element_pack_global_tooltip_width_mobile&quot;:{&quot;unit&quot;:&quot;px&quot;,&quot;size&quot;:&quot;&quot;,&quot;sizes&quot;:[]},&quot;element_pack_global_tooltip_padding&quot;:{&quot;unit&quot;:&quot;px&quot;,&quot;top&quot;:&quot;&quot;,&quot;right&quot;:&quot;&quot;,&quot;bottom&quot;:&quot;&quot;,&quot;left&quot;:&quot;&quot;,&quot;isLinked&quot;:true},&quot;element_pack_global_tooltip_padding_tablet&quot;:{&quot;unit&quot;:&quot;px&quot;,&quot;top&quot;:&quot;&quot;,&quot;right&quot;:&quot;&quot;,&quot;bottom&quot;:&quot;&quot;,&quot;left&quot;:&quot;&quot;,&quot;isLinked&quot;:true},&quot;element_pack_global_tooltip_padding_mobile&quot;:{&quot;unit&quot;:&quot;px&quot;,&quot;top&quot;:&quot;&quot;,&quot;right&quot;:&quot;&quot;,&quot;bottom&quot;:&quot;&quot;,&quot;left&quot;:&quot;&quot;,&quot;isLinked&quot;:true},&quot;element_pack_global_tooltip_border_radius&quot;:{&quot;unit&quot;:&quot;px&quot;,&quot;top&quot;:&quot;&quot;,&quot;right&quot;:&quot;&quot;,&quot;bottom&quot;:&quot;&quot;,&quot;left&quot;:&quot;&quot;,&quot;isLinked&quot;:true},&quot;element_pack_global_tooltip_border_radius_tablet&quot;:{&quot;unit&quot;:&quot;px&quot;,&quot;top&quot;:&quot;&quot;,&quot;right&quot;:&quot;&quot;,&quot;bottom&quot;:&quot;&quot;,&quot;left&quot;:&quot;&quot;,&quot;isLinked&quot;:true},&quot;element_pack_global_tooltip_border_radius_mobile&quot;:{&quot;unit&quot;:&quot;px&quot;,&quot;top&quot;:&quot;&quot;,&quot;right&quot;:&quot;&quot;,&quot;bottom&quot;:&quot;&quot;,&quot;left&quot;:&quot;&quot;,&quot;isLinked&quot;:true}}\" data-elementor-post-type=\"page\">\n\t\t\t\t\t\t<section class=\"elementor-section elementor-top-section elementor-element elementor-element-eb26348 elementor-section-full_width elementor-section-height-default elementor-section-height-default\" data-id=\"eb26348\" data-element_type=\"section\">\n\t\t\t\t\t\t<div class=\"elementor-container elementor-column-gap-no\">\n\t\t\t\t\t<div class=\"elementor-column elementor-col-100 elementor-top-column elementor-element elementor-element-b88c25b\" data-id=\"b88c25b\" data-element_type=\"column\" data-settings=\"{&quot;background_background&quot;:&quot;classic&quot;}\">\n\t\t\t<div class=\"elementor-widget-wrap elementor-element-populated\">\n\t\t\t\t\t<div class=\"elementor-background-overlay\"><\/div>\n\t\t\t\t\t\t<div class=\"elementor-element elementor-element-679b9c6 elementor-invisible elementor-widget elementor-widget-heading\" data-id=\"679b9c6\" data-element_type=\"widget\" data-settings=\"{&quot;_animation&quot;:&quot;zoomIn&quot;}\" data-widget_type=\"heading.default\">\n\t\t\t\t<div class=\"elementor-widget-container\">\n\t\t\t\t\t<h2 class=\"elementor-heading-title elementor-size-default\">Wer\u00adden Sie Teil unse\u00adres&nbsp;Teams<\/h2>\t\t\t\t<\/div>\n\t\t\t\t<\/div>\n\t\t\t\t\t<\/div>\n\t\t<\/div>\n\t\t\t\t\t<\/div>\n\t\t<\/section>\n\t\t\t\t<section class=\"elementor-section elementor-top-section elementor-element elementor-element-38145f5 elementor-section-boxed elementor-section-height-default elementor-section-height-default\" data-id=\"38145f5\" data-element_type=\"section\">\n\t\t\t\t\t\t<div class=\"elementor-container elementor-column-gap-default\">\n\t\t\t\t\t<div class=\"elementor-column elementor-col-100 elementor-top-column elementor-element elementor-element-c6f1127\" data-id=\"c6f1127\" data-element_type=\"column\">\n\t\t\t<div class=\"elementor-widget-wrap elementor-element-populated\">\n\t\t\t\t\t\t<div class=\"elementor-element elementor-element-1d3167c elementor-widget elementor-widget-shortcode\" data-id=\"1d3167c\" data-element_type=\"widget\" data-widget_type=\"shortcode.default\">\n\t\t\t\t<div class=\"elementor-widget-container\">\n\t\t\t\t\t\t\t<div class=\"elementor-shortcode\"><div class=\"ast-breadcrumbs-wrapper\">\n\t\t\t<div class=\"ast-breadcrumbs-inner\"><nav role=\"navigation\" aria-label=\"Breadcrumbs\" class=\"breadcrumb-trail breadcrumbs\"><div class=\"ast-breadcrumbs\"><ul class=\"trail-items\"><li class=\"trail-item trail-end\"><span><a href=\"https:\/\/formentechnik-bayreuth.de\/en\/\" rel=\"home\"><span>Home<\/span><\/a><\/span><\/li><\/ul><\/div><\/nav><\/div>\n\t\t<\/div><\/div>\n\t\t\t\t\t\t<\/div>\n\t\t\t\t<\/div>\n\t\t\t\t\t<\/div>\n\t\t<\/div>\n\t\t\t\t\t<\/div>\n\t\t<\/section>\n\t\t\t\t<section class=\"elementor-section elementor-top-section elementor-element elementor-element-937bc48 elementor-hidden-desktop elementor-hidden-tablet elementor-hidden-mobile elementor-section-boxed elementor-section-height-default elementor-section-height-default\" data-id=\"937bc48\" data-element_type=\"section\">\n\t\t\t\t\t\t<div class=\"elementor-container elementor-column-gap-default\">\n\t\t\t\t\t<div class=\"elementor-column elementor-col-100 elementor-top-column elementor-element elementor-element-4b79cea\" data-id=\"4b79cea\" data-element_type=\"column\">\n\t\t\t<div class=\"elementor-widget-wrap elementor-element-populated\">\n\t\t\t\t\t\t<div class=\"elementor-element elementor-element-8df176a elementor-widget elementor-widget-spacer\" data-id=\"8df176a\" data-element_type=\"widget\" data-widget_type=\"spacer.default\">\n\t\t\t\t<div class=\"elementor-widget-container\">\n\t\t\t\t\t\t\t<div class=\"elementor-spacer\">\n\t\t\t<div class=\"elementor-spacer-inner\"><\/div>\n\t\t<\/div>\n\t\t\t\t\t\t<\/div>\n\t\t\t\t<\/div>\n\t\t\t\t<div class=\"elementor-element elementor-element-0de0619 text-center elementor-widget elementor-widget-tp-heading-title\" data-id=\"0de0619\" data-element_type=\"widget\" data-widget_type=\"tp-heading-title.default\">\n\t\t\t\t<div class=\"elementor-widget-container\">\n\t\t\t\t\t<div class=\"heading heading_style heading_style69d7a66f59bd5 style-4\"><div class=\"sub-style\"><div class=\"head-title\"> <h1 class=\"heading-title\" data-hover=\"Offene Stellen\">Offene Stel\u00adlen<\/h1><div class=\"seprator sep-l\"><span class=\"title-sep sep-l\"><\/span><span class=\"title-sep sep-r\"><\/span><\/div><\/div><\/div><\/div>\t\t\t\t<\/div>\n\t\t\t\t<\/div>\n\t\t\t\t\t<\/div>\n\t\t<\/div>\n\t\t\t\t\t<\/div>\n\t\t<\/section>\n\t\t<div class=\"elementor-element elementor-element-4f448da e-flex e-con-boxed e-con e-parent\" data-id=\"4f448da\" data-element_type=\"container\">\n\t\t\t\t\t<div class=\"e-con-inner\">\n\t\t\t\t<div class=\"elementor-element elementor-element-94a8082 elementor-widget elementor-widget-heading\" data-id=\"94a8082\" data-element_type=\"widget\" data-widget_type=\"heading.default\">\n\t\t\t\t<div class=\"elementor-widget-container\">\n\t\t\t\t\t<h2 class=\"elementor-heading-title elementor-size-default\">In 2&nbsp;Minu\u00adten Bewerben<\/h2>\t\t\t\t<\/div>\n\t\t\t\t<\/div>\n\t\t\t\t\t<\/div>\n\t\t\t\t<\/div>\n\t\t<div class=\"elementor-element elementor-element-6737263 e-flex e-con-boxed e-con e-parent\" data-id=\"6737263\" data-element_type=\"container\" data-settings=\"{&quot;background_background&quot;:&quot;classic&quot;}\">\n\t\t\t\t\t<div class=\"e-con-inner\">\n\t\t<div class=\"elementor-element elementor-element-6dfbedc e-con-full e-flex e-con e-child\" data-id=\"6dfbedc\" data-element_type=\"container\">\n\t\t\t\t<div class=\"elementor-element elementor-element-1779d50 selector elementor-button-align-stretch elementor-widget elementor-widget-form\" data-id=\"1779d50\" data-element_type=\"widget\" data-settings=\"{&quot;step_next_label&quot;:&quot;N\\u00e4chster&quot;,&quot;step_previous_label&quot;:&quot;Voriger&quot;,&quot;button_width&quot;:&quot;100&quot;,&quot;step_type&quot;:&quot;number_text&quot;,&quot;step_icon_shape&quot;:&quot;circle&quot;}\" data-widget_type=\"form.default\">\n\t\t\t\t<div class=\"elementor-widget-container\">\n\t\t\t\t\t\t\t<form class=\"elementor-form\" method=\"post\" name=\"Neues Formular\" action>\n\t\t\t<input type=\"hidden\" name=\"post_id\" value=\"16878\">\n\t\t\t<input type=\"hidden\" name=\"form_id\" value=\"1779d50\">\n\t\t\t<input type=\"hidden\" name=\"referer_title\" value=\"Bewerbung - Werkzeug- und Formenbau - Spritzgie\u00dfwerkzeuge f\u00fcr die Kunststoffindustrie\">\n\n\t\t\t\t\t\t\t<input type=\"hidden\" name=\"queried_id\" value=\"16878\">\n\t\t\t\n\t\t\t<div class=\"elementor-form-fields-wrapper elementor-labels-above\">\n\t\t\t\t\t\t\t\t<div class=\"elementor-field-type-step elementor-field-group elementor-column elementor-field-group-field_9fc7d24 elementor-col-100\">\n\t\t\t\t\t\t\t<div class=\"e-field-step elementor-hidden\" data-label data-previousbutton data-nextbutton data-iconurl data-iconlibrary=\"fas fa-star\" data-icon><\/div>\n\n\t\t\t\t\t\t<\/div>\n\t\t\t\t\t\t\t\t<div class=\"elementor-field-type-text elementor-field-group elementor-column elementor-field-group-name elementor-col-50 elementor-field-required\">\n\t\t\t\t\t\t\t\t\t\t\t\t<label for=\"form-field-name\" class=\"elementor-field-label\">\n\t\t\t\t\t\t\t\tVorname&nbsp;*&nbsp;<\/label>\n\t\t\t\t\t\t\t\t\t\t\t\t\t\t<input size=\"1\" type=\"text\" name=\"form_fields[name]\" id=\"form-field-name\" class=\"elementor-field elementor-size-sm  elementor-field-textual\" required=\"required\">\n\t\t\t\t\t\t\t\t\t\t\t<\/div>\n\t\t\t\t\t\t\t\t<div class=\"elementor-field-type-text elementor-field-group elementor-column elementor-field-group-field_acf0c13 elementor-col-50 elementor-field-required\">\n\t\t\t\t\t\t\t\t\t\t\t\t<label for=\"form-field-field_acf0c13\" class=\"elementor-field-label\">\n\t\t\t\t\t\t\t\tNachname&nbsp;*&nbsp;<\/label>\n\t\t\t\t\t\t\t\t\t\t\t\t\t\t<input size=\"1\" type=\"text\" name=\"form_fields[field_acf0c13]\" id=\"form-field-field_acf0c13\" class=\"elementor-field elementor-size-sm  elementor-field-textual\" required=\"required\">\n\t\t\t\t\t\t\t\t\t\t\t<\/div>\n\t\t\t\t\t\t\t\t<div class=\"elementor-field-type-email elementor-field-group elementor-column elementor-field-group-email elementor-col-50 elementor-field-required\">\n\t\t\t\t\t\t\t\t\t\t\t\t<label for=\"form-field-email\" class=\"elementor-field-label\">\n\t\t\t\t\t\t\t\tE\u2011Mail *\t\t\t\t\t\t\t<\/label>\n\t\t\t\t\t\t\t\t\t\t\t\t\t\t<input size=\"1\" type=\"email\" name=\"form_fields[email]\" id=\"form-field-email\" class=\"elementor-field elementor-size-sm  elementor-field-textual\" required=\"required\">\n\t\t\t\t\t\t\t\t\t\t\t<\/div>\n\t\t\t\t\t\t\t\t<div class=\"elementor-field-type-text elementor-field-group elementor-column elementor-field-group-field_6afbaa7 elementor-col-50\">\n\t\t\t\t\t\t\t\t\t\t\t\t<label for=\"form-field-field_6afbaa7\" class=\"elementor-field-label\">\n\t\t\t\t\t\t\t\tPhone&nbsp;<\/label>\n\t\t\t\t\t\t\t\t\t\t\t\t\t\t<input size=\"1\" type=\"text\" name=\"form_fields[field_6afbaa7]\" id=\"form-field-field_6afbaa7\" class=\"elementor-field elementor-size-sm  elementor-field-textual\">\n\t\t\t\t\t\t\t\t\t\t\t<\/div>\n\t\t\t\t\t\t\t\t<div class=\"elementor-field-type-checkbox elementor-field-group elementor-column elementor-field-group-field_618c021 elementor-col-50\">\n\t\t\t\t\t\t\t\t\t\t\t\t<label for=\"form-field-field_618c021\" class=\"elementor-field-label\">\n\t\t\t\t\t\t\t\tBitte kon\u00adtak\u00adtie\u00adren Sie mich&nbsp;per&nbsp;<\/label>\n\t\t\t\t\t\t<div class=\"elementor-field-subgroup  elementor-subgroup-inline\"><span class=\"elementor-field-option\"><input type=\"checkbox\" value=\"Telefon\" id=\"form-field-field_618c021-0\" name=\"form_fields[field_618c021][]\"> <label for=\"form-field-field_618c021-0\">Phone<\/label><\/span><span class=\"elementor-field-option\"><input type=\"checkbox\" value=\"E-Mail\" id=\"form-field-field_618c021-1\" name=\"form_fields[field_618c021][]\"> <label for=\"form-field-field_618c021-1\">Email<\/label><\/span><\/div>\t\t\t\t<\/div>\n\t\t\t\t\t\t\t\t<div class=\"elementor-field-type-select elementor-field-group elementor-column elementor-field-group-field_73bafed elementor-col-100\">\n\t\t\t\t\t\t\t\t\t\t\t\t<label for=\"form-field-field_73bafed\" class=\"elementor-field-label\">\n\t\t\t\t\t\t\t\tIch inter\u00ades\u00adsiere mich f\u00fcr die Stelle&nbsp;<\/label>\n\t\t\t\t\t\t\t\t<div class=\"elementor-field elementor-select-wrapper remove-before\">\n\t\t\t<div class=\"select-caret-down-wrapper\">\n\t\t\t\t<i aria-hidden=\"true\" class=\"eicon-caret-down\"><\/i>\t\t\t<\/div>\n\t\t\t<select name=\"form_fields[field_73bafed]\" id=\"form-field-field_73bafed\" class=\"elementor-field-textual elementor-size-sm\">\n\t\t\t\t\t\t\t\t\t<option value=\"Bitte Ausw\u00e4hlen\">Bitte Ausw\u00e4hlen<\/option>\n\t\t\t\t\t\t\t\t\t<option value=\"Konstrukteur \/ Werkzeugmechaniker (m\/w\/d)\">Konstrukteur \/ Werkzeugmechaniker (m\/w\/d)<\/option>\n\t\t\t\t\t\t\t\t\t<option value=\"Werkzeugmechaniker \/ CNC-Fr\u00e4ser (m\/w\/d)\">Werkzeugmechaniker \/ CNC-Fr\u00e4ser (m\/w\/d)<\/option>\n\t\t\t\t\t\t\t\t\t<option value=\"Ausbildung: Werkzeugmechaniker (m\/w\/d) Fachrichtung Formentechnik\">Ausbildung: Werkzeugmechaniker (m\/w\/d) Fachrichtung Formentechnik<\/option>\n\t\t\t\t\t\t\t\t\t<option value=\"Initiativbewerbung\">Initiativbewerbung<\/option>\n\t\t\t\t\t\t\t<\/select>\n\t\t<\/div>\n\t\t\t\t\t\t<\/div>\n\t\t\t\t\t\t\t\t<div class=\"elementor-field-type-step elementor-field-group elementor-column elementor-field-group-field_cc31d5b elementor-col-100\">\n\t\t\t\t\t\t\t<div class=\"e-field-step elementor-hidden\" data-label data-previousbutton data-nextbutton data-iconurl data-iconlibrary=\"fas fa-star\" data-icon><\/div>\n\n\t\t\t\t\t\t<\/div>\n\t\t\t\t\t\t\t\t<div class=\"elementor-field-type-checkbox elementor-field-group elementor-column elementor-field-group-message elementor-col-100\">\n\t\t\t\t\t\t\t\t\t\t\t\t<label for=\"form-field-message\" class=\"elementor-field-label\">\n\t\t\t\t\t\t\t\tMeine Ausbildung&nbsp;<\/label>\n\t\t\t\t\t\t<div class=\"elementor-field-subgroup  elementor-subgroup-inline\"><span class=\"elementor-field-option\"><input type=\"checkbox\" value=\"Berufsausbildung\" id=\"form-field-message-0\" name=\"form_fields[message][]\"> <label for=\"form-field-message-0\">Berufs\u00adaus\u00adbil\u00addung<\/label><\/span><span class=\"elementor-field-option\"><input type=\"checkbox\" value=\"Realschulabschluss\" id=\"form-field-message-1\" name=\"form_fields[message][]\"> <label for=\"form-field-message-1\">Real\u00adschul\u00adab\u00adschluss<\/label><\/span><span class=\"elementor-field-option\"><input type=\"checkbox\" value=\"Hauptschulabschluss \" id=\"form-field-message-2\" name=\"form_fields[message][]\"> <label for=\"form-field-message-2\">Haupt\u00adschul\u00adab\u00adschluss <\/label><\/span><span class=\"elementor-field-option\"><input type=\"checkbox\" value=\"(Fach-) Abitur\" id=\"form-field-message-3\" name=\"form_fields[message][]\"> <label for=\"form-field-message-3\">(Fach-) Abitur<\/label><\/span><span class=\"elementor-field-option\"><input type=\"checkbox\" value=\"Andere\" id=\"form-field-message-4\" name=\"form_fields[message][]\"> <label for=\"form-field-message-4\">Andere<\/label><\/span><\/div>\t\t\t\t<\/div>\n\t\t\t\t\t\t\t\t<div class=\"elementor-field-type-checkbox elementor-field-group elementor-column elementor-field-group-field_5a0c7d2 elementor-col-100\">\n\t\t\t\t\t\t\t\t\t\t\t\t<label for=\"form-field-field_5a0c7d2\" class=\"elementor-field-label\">\n\t\t\t\t\t\t\t\tBerufs\u00ader\u00adfah\u00adrung im T\u00e4tigkeitsbereich&nbsp;<\/label>\n\t\t\t\t\t\t<div class=\"elementor-field-subgroup  elementor-subgroup-inline\"><span class=\"elementor-field-option\"><input type=\"checkbox\" value=\"Ja\" id=\"form-field-field_5a0c7d2-0\" name=\"form_fields[field_5a0c7d2][]\"> <label for=\"form-field-field_5a0c7d2-0\">Ja<\/label><\/span><span class=\"elementor-field-option\"><input type=\"checkbox\" value=\"Nein\" id=\"form-field-field_5a0c7d2-1\" name=\"form_fields[field_5a0c7d2][]\"> <label for=\"form-field-field_5a0c7d2-1\">Nein<\/label><\/span><\/div>\t\t\t\t<\/div>\n\t\t\t\t\t\t\t\t<div class=\"elementor-field-type-text elementor-field-group elementor-column elementor-field-group-field_90c4621 elementor-col-50\">\n\t\t\t\t\t\t\t\t\t\t\t\t<label for=\"form-field-field_90c4621\" class=\"elementor-field-label\">\n\t\t\t\t\t\t\t\tBerufs\u00ader\u00adfah\u00adrung in Jahren&nbsp;<\/label>\n\t\t\t\t\t\t\t\t\t\t\t\t\t\t<input size=\"1\" type=\"text\" name=\"form_fields[field_90c4621]\" id=\"form-field-field_90c4621\" class=\"elementor-field elementor-size-sm  elementor-field-textual\">\n\t\t\t\t\t\t\t\t\t\t\t<\/div>\n\t\t\t\t\t\t\t\t<div class=\"elementor-field-type-text elementor-field-group elementor-column elementor-field-group-field_97752af elementor-col-50\">\n\t\t\t\t\t\t\t\t\t\t\t\t<label for=\"form-field-field_97752af\" class=\"elementor-field-label\">\n\t\t\t\t\t\t\t\tIch kann anfan\u00adgen&nbsp;ab&nbsp;<\/label>\n\t\t\t\t\t\t\t\t\t\t\t\t\t\t<input size=\"1\" type=\"text\" name=\"form_fields[field_97752af]\" id=\"form-field-field_97752af\" class=\"elementor-field elementor-size-sm  elementor-field-textual\">\n\t\t\t\t\t\t\t\t\t\t\t<\/div>\n\t\t\t\t\t\t\t\t<div class=\"elementor-field-type-step elementor-field-group elementor-column elementor-field-group-field_3fab48d elementor-col-100\">\n\t\t\t\t\t\t\t<div class=\"e-field-step elementor-hidden\" data-label data-previousbutton data-nextbutton data-iconurl data-iconlibrary=\"fas fa-star\" data-icon><\/div>\n\n\t\t\t\t\t\t<\/div>\n\t\t\t\t\t\t\t\t<div class=\"elementor-field-type-textarea elementor-field-group elementor-column elementor-field-group-field_60b9e06 elementor-col-100\">\n\t\t\t\t\t\t\t\t\t\t\t\t<label for=\"form-field-field_60b9e06\" class=\"elementor-field-label\">\n\t\t\t\t\t\t\t\tNachricht&nbsp;<\/label>\n\t\t\t\t\t\t<textarea class=\"elementor-field-textual elementor-field  elementor-size-sm\" name=\"form_fields[field_60b9e06]\" id=\"form-field-field_60b9e06\" rows=\"4\"><\/textarea>\t\t\t\t<\/div>\n\t\t\t\t\t\t\t\t<div class=\"elementor-field-type-checkbox elementor-field-group elementor-column elementor-field-group-field_9a66e29 elementor-col-100\">\n\t\t\t\t\t\t\t\t\t\t\t\t<label for=\"form-field-field_9a66e29\" class=\"elementor-field-label\">\n\t\t\t\t\t\t\t\tWie haben Sie uns gefunden?&nbsp;<\/label>\n\t\t\t\t\t\t<div class=\"elementor-field-subgroup  elementor-subgroup-inline\"><span class=\"elementor-field-option\"><input type=\"checkbox\" value=\"Jobportal\" id=\"form-field-field_9a66e29-0\" name=\"form_fields[field_9a66e29][]\"> <label for=\"form-field-field_9a66e29-0\">Job\u00adpor\u00adtal<\/label><\/span><span class=\"elementor-field-option\"><input type=\"checkbox\" value=\"Internet Recherche\" id=\"form-field-field_9a66e29-1\" name=\"form_fields[field_9a66e29][]\"> <label for=\"form-field-field_9a66e29-1\">Inter\u00adnet Recher\u00adche<\/label><\/span><span class=\"elementor-field-option\"><input type=\"checkbox\" value=\"Social Media\" id=\"form-field-field_9a66e29-2\" name=\"form_fields[field_9a66e29][]\"> <label for=\"form-field-field_9a66e29-2\">Social Media<\/label><\/span><span class=\"elementor-field-option\"><input type=\"checkbox\" value=\"Google Anzeige\" id=\"form-field-field_9a66e29-3\" name=\"form_fields[field_9a66e29][]\"> <label for=\"form-field-field_9a66e29-3\">Google Anzeige<\/label><\/span><\/div>\t\t\t\t<\/div>\n\t\t\t\t\t\t\t\t<div class=\"elementor-field-type-upload elementor-field-group elementor-column elementor-field-group-field_80bce7b elementor-col-100\">\n\t\t\t\t\t\t\t\t\t\t\t\t<label for=\"form-field-field_80bce7b\" class=\"elementor-field-label\">\n\t\t\t\t\t\t\t\t<span class=\"caps\">DATEN<\/span> <span class=\"caps\">HOCHLADEN<\/span><br>  Sie k\u00f6n\u00adnen max. 10 Dateien hoch\u00adla\u00adden. Maxi\u00admale Datei\u00adgr\u00f6\u00dfe: 10&nbsp;<span class=\"caps\">MB<\/span>. Akzep\u00adtierte Datei\u00adty\u00adpen: <span class=\"caps\">PDF<\/span> und <span class=\"caps\">JPG<\/span>. Beim Hoch\u00adla\u00adden von meh\u00adre\u00adren Ein\u00adzel\u00adda\u00adteien k\u00f6n\u00adnen diese zusam\u00admen mar\u00adkiert wer\u00adden.<br> (Sie k\u00f6n\u00adnen auch alle Dateien zusam\u00admen ein\u00adfach auf den But\u00adton ziehen.)<br><br>\t\t\t\t\t\t\t<\/label>\n\t\t\t\t\t\t\t\t<input type=\"file\" name=\"form_fields[field_80bce7b][]\" id=\"form-field-field_80bce7b\" class=\"elementor-field elementor-size-sm  elementor-upload-field\" multiple=\"multiple\" data-maxsize=\"10\" data-maxsize-message=\"Diese Datei \u00fcbersteigt die maximale Dateigr\u00f6\u00dfe\">\n\n\t\t\t\t\t\t<\/div>\n\t\t\t\t\t\t\t\t<div class=\"elementor-field-type-acceptance elementor-field-group elementor-column elementor-field-group-field_daf9aed elementor-col-100 elementor-field-required\">\n\t\t\t\t\t\t\t\t\t\t\t\t<label for=\"form-field-field_daf9aed\" class=\"elementor-field-label\">\n\t\t\t\t\t\t\t\tI&nbsp;agree that the infor\u00adma\u00adtion I&nbsp;pro\u00advide in this form will be stored in order to pro\u00adcess my request. Fur\u00adther infor\u00adma\u00adtion can be found in our <a href=\"\/en\/datenschutz\/\" target=\"_blank\"><font color=\"#ffffff\"><b>Data Pro\u00adtec\u00adtion Policy<\/b><\/font><\/a> .\t\t\t\t\t\t\t<\/label>\n\t\t\t\t\t\t\t\t<div class=\"elementor-field-subgroup\">\n\t\t\t<span class=\"elementor-field-option\">\n\t\t\t\t<input type=\"checkbox\" name=\"form_fields[field_daf9aed]\" id=\"form-field-field_daf9aed\" class=\"elementor-field elementor-size-sm  elementor-acceptance-field\" required=\"required\">\n\t\t\t\t<label for=\"form-field-field_daf9aed\">Ich stimme zu<\/label>\t\t\t<\/span>\n\t\t<\/div>\n\t\t\t\t\t\t<\/div>\n\t\t\t\t\t\t\t\t<div class=\"elementor-field-group elementor-column elementor-field-type-submit elementor-col-100 e-form__buttons\">\n\t\t\t\t\t<button class=\"elementor-button elementor-size-sm\" type=\"submit\">\n\t\t\t\t\t\t<span class=\"elementor-button-content-wrapper\">\n\t\t\t\t\t\t\t\t\t\t\t\t\t\t\t\t\t\t\t\t\t\t<span class=\"elementor-button-text\">Senden<\/span>\n\t\t\t\t\t\t\t\t\t\t\t\t\t<\/span>\n\t\t\t\t\t<\/button>\n\t\t\t\t<\/div>\n\t\t\t<\/div>\n\t\t<input type=\"hidden\" name=\"trp-form-language\" value=\"en\"><\/form>\n\t\t\t\t\t\t<\/div>\n\t\t\t\t<\/div>\n\t\t\t\t<\/div>\n\t\t\t\t\t<\/div>\n\t\t\t\t<\/div>\n\t\t\t\t<\/div>","protected":false},"excerpt":{"rendered":"<p>Wer\u00adden Sie Teil unse\u00adres Teams Offene Stel\u00adlen In 2&nbsp;Minu\u00adten Bewerben<\/p>","protected":false},"author":1,"featured_media":0,"parent":0,"menu_order":6,"comment_status":"closed","ping_status":"closed","template":"elementor_header_footer","meta":{"wp_typography_post_enhancements_disabled":false,"site-sidebar-layout":"no-sidebar","site-content-layout":"page-builder","ast-site-content-layout":"full-width-container","site-content-style":"default","site-sidebar-style":"default","ast-global-header-display":"","ast-banner-title-visibility":"","ast-main-header-display":"","ast-hfb-above-header-display":"","ast-hfb-below-header-display":"","ast-hfb-mobile-header-display":"","site-post-title":"disabled","ast-breadcrumbs-content":"","ast-featured-img":"disabled","footer-sml-layout":"","theme-transparent-header-meta":"default","adv-header-id-meta":"","stick-header-meta":"default","header-above-stick-meta":"","header-main-stick-meta":"","header-below-stick-meta":"","astra-migrate-meta-layouts":"set","ast-page-background-enabled":"default","ast-page-background-meta":{"desktop":{"background-color":"","background-image":"","background-repeat":"repeat","background-position":"center center","background-size":"auto","background-attachment":"scroll","background-type":"","background-media":"","overlay-type":"","overlay-color":"","overlay-opacity":"","overlay-gradient":""},"tablet":{"background-color":"","background-image":"","background-repeat":"repeat","background-position":"center center","background-size":"auto","background-attachment":"scroll","background-type":"","background-media":"","overlay-type":"","overlay-color":"","overlay-opacity":"","overlay-gradient":""},"mobile":{"background-color":"","background-image":"","background-repeat":"repeat","background-position":"center center","background-size":"auto","background-attachment":"scroll","background-type":"","background-media":"","overlay-type":"","overlay-color":"","overlay-opacity":"","overlay-gradient":""}},"ast-content-background-meta":{"desktop":{"background-color":"var(--ast-global-color-5)","background-image":"","background-repeat":"repeat","background-position":"center center","background-size":"auto","background-attachment":"scroll","background-type":"","background-media":"","overlay-type":"","overlay-color":"","overlay-opacity":"","overlay-gradient":""},"tablet":{"background-color":"var(--ast-global-color-5)","background-image":"","background-repeat":"repeat","background-position":"center center","background-size":"auto","background-attachment":"scroll","background-type":"","background-media":"","overlay-type":"","overlay-color":"","overlay-opacity":"","overlay-gradient":""},"mobile":{"background-color":"var(--ast-global-color-5)","background-image":"","background-repeat":"repeat","background-position":"center center","background-size":"auto","background-attachment":"scroll","background-type":"","background-media":"","overlay-type":"","overlay-color":"","overlay-opacity":"","overlay-gradient":""}},"footnotes":""},"categories":[],"tags":[],"class_list":["post-16878","page","type-page","status-publish","hentry"],"_links":{"self":[{"href":"https:\/\/formentechnik-bayreuth.de\/en\/wp-json\/wp\/v2\/pages\/16878","targetHints":{"allow":["GET"]}}],"collection":[{"href":"https:\/\/formentechnik-bayreuth.de\/en\/wp-json\/wp\/v2\/pages"}],"about":[{"href":"https:\/\/formentechnik-bayreuth.de\/en\/wp-json\/wp\/v2\/types\/page"}],"author":[{"embeddable":true,"href":"https:\/\/formentechnik-bayreuth.de\/en\/wp-json\/wp\/v2\/users\/1"}],"replies":[{"embeddable":true,"href":"https:\/\/formentechnik-bayreuth.de\/en\/wp-json\/wp\/v2\/comments?post=16878"}],"version-history":[{"count":3,"href":"https:\/\/formentechnik-bayreuth.de\/en\/wp-json\/wp\/v2\/pages\/16878\/revisions"}],"predecessor-version":[{"id":17635,"href":"https:\/\/formentechnik-bayreuth.de\/en\/wp-json\/wp\/v2\/pages\/16878\/revisions\/17635"}],"wp:attachment":[{"href":"https:\/\/formentechnik-bayreuth.de\/en\/wp-json\/wp\/v2\/media?parent=16878"}],"wp:term":[{"taxonomy":"category","embeddable":true,"href":"https:\/\/formentechnik-bayreuth.de\/en\/wp-json\/wp\/v2\/categories?post=16878"},{"taxonomy":"post_tag","embeddable":true,"href":"https:\/\/formentechnik-bayreuth.de\/en\/wp-json\/wp\/v2\/tags?post=16878"}],"curies":[{"name":"wp","href":"https:\/\/api.w.org\/{rel}","templated":true}]}}